{"id":433,"date":"2022-08-15T00:29:41","date_gmt":"2022-08-14T22:29:41","guid":{"rendered":"https:\/\/manatai.malo.wf\/?page_id=433"},"modified":"2022-08-15T04:28:15","modified_gmt":"2022-08-15T02:28:15","slug":"tableaux-resultats-jour-1-day-1","status":"publish","type":"page","link":"https:\/\/manatai.malo.wf\/index.php\/tableaux-resultats-jour-1-day-1\/","title":{"rendered":"Tableaux r\u00e9sultats Jour 1\/ Day 1"},"content":{"rendered":"\n<div class=\"wp-block-media-text alignwide\" style=\"grid-template-columns:15% auto\"><figure class=\"wp-block-media-text__media\"><img loading=\"lazy\" decoding=\"async\" width=\"150\" height=\"150\" src=\"https:\/\/manatai.malo.wf\/wp-content\/uploads\/2022\/06\/logo-complet-150x150.png\" alt=\"Aircalin manatai wallis et futuna cup\" class=\"wp-image-175 size-thumbnail\" srcset=\"https:\/\/manatai.malo.wf\/wp-content\/uploads\/2022\/06\/logo-complet-150x150.png 150w, https:\/\/manatai.malo.wf\/wp-content\/uploads\/2022\/06\/logo-complet.png 240w\" sizes=\"auto, (max-width: 150px) 85vw, 150px\" \/><\/figure><div class=\"wp-block-media-text__content\">\n<p class=\"has-medium-font-size\"><strong>Samedi 13 ao\u00fbt 2022<\/strong><\/p>\n<\/div><\/div>\n\n\n\n<p>En attendant la remises des m\u00e9dailles, d\u00e9cal\u00e9e au mardi 16 ao\u00fbt en raison des conditions m\u00e9t\u00e9orologiques, retrouvez les tableaux des r\u00e9sultat des comp\u00e9titions :<\/p>\n\n\n\n<p class=\"has-light-blue-background-color has-background\"><strong>R\u00e9sultats Va&rsquo;a<\/strong><\/p>\n\n\n\n<figure class=\"wp-block-image size-large\"><img loading=\"lazy\" decoding=\"async\" width=\"1024\" height=\"524\" src=\"https:\/\/manatai.malo.wf\/wp-content\/uploads\/2022\/08\/vaa-J1-1024x524.jpg\" alt=\"\" class=\"wp-image-456\" srcset=\"https:\/\/manatai.malo.wf\/wp-content\/uploads\/2022\/08\/vaa-J1-1024x524.jpg 1024w, https:\/\/manatai.malo.wf\/wp-content\/uploads\/2022\/08\/vaa-J1-300x154.jpg 300w, https:\/\/manatai.malo.wf\/wp-content\/uploads\/2022\/08\/vaa-J1-768x393.jpg 768w, https:\/\/manatai.malo.wf\/wp-content\/uploads\/2022\/08\/vaa-J1-1536x786.jpg 1536w, https:\/\/manatai.malo.wf\/wp-content\/uploads\/2022\/08\/vaa-J1-1200x614.jpg 1200w, https:\/\/manatai.malo.wf\/wp-content\/uploads\/2022\/08\/vaa-J1.jpg 1600w\" sizes=\"auto, (max-width: 709px) 85vw, (max-width: 909px) 67vw, (max-width: 1362px) 62vw, 840px\" \/><\/figure>\n\n\n\n<p class=\"has-light-blue-background-color has-background\"><strong>R\u00e9sultats <\/strong>Kitesurf, wingfoil, windsurf, kitefoil<\/p>\n\n\n\n<figure class=\"wp-block-image size-large\"><img loading=\"lazy\" decoding=\"async\" width=\"1024\" height=\"484\" src=\"https:\/\/manatai.malo.wf\/wp-content\/uploads\/2022\/08\/kite2-J1-1024x484.jpg\" alt=\"\" class=\"wp-image-452\" srcset=\"https:\/\/manatai.malo.wf\/wp-content\/uploads\/2022\/08\/kite2-J1-1024x484.jpg 1024w, https:\/\/manatai.malo.wf\/wp-content\/uploads\/2022\/08\/kite2-J1-300x142.jpg 300w, https:\/\/manatai.malo.wf\/wp-content\/uploads\/2022\/08\/kite2-J1-768x363.jpg 768w, https:\/\/manatai.malo.wf\/wp-content\/uploads\/2022\/08\/kite2-J1-1536x726.jpg 1536w, https:\/\/manatai.malo.wf\/wp-content\/uploads\/2022\/08\/kite2-J1-2048x968.jpg 2048w, https:\/\/manatai.malo.wf\/wp-content\/uploads\/2022\/08\/kite2-J1-1200x567.jpg 1200w\" sizes=\"auto, (max-width: 709px) 85vw, (max-width: 909px) 67vw, (max-width: 1362px) 62vw, 840px\" \/><\/figure>\n\n\n\n<figure class=\"wp-block-image size-large\"><img loading=\"lazy\" decoding=\"async\" width=\"1024\" height=\"350\" src=\"https:\/\/manatai.malo.wf\/wp-content\/uploads\/2022\/08\/kite1-J1-1024x350.jpg\" alt=\"\" class=\"wp-image-451\" srcset=\"https:\/\/manatai.malo.wf\/wp-content\/uploads\/2022\/08\/kite1-J1-1024x350.jpg 1024w, https:\/\/manatai.malo.wf\/wp-content\/uploads\/2022\/08\/kite1-J1-300x102.jpg 300w, https:\/\/manatai.malo.wf\/wp-content\/uploads\/2022\/08\/kite1-J1-768x262.jpg 768w, https:\/\/manatai.malo.wf\/wp-content\/uploads\/2022\/08\/kite1-J1-1536x525.jpg 1536w, https:\/\/manatai.malo.wf\/wp-content\/uploads\/2022\/08\/kite1-J1-2048x700.jpg 2048w, https:\/\/manatai.malo.wf\/wp-content\/uploads\/2022\/08\/kite1-J1-1200x410.jpg 1200w\" sizes=\"auto, (max-width: 709px) 85vw, (max-width: 909px) 67vw, (max-width: 1362px) 62vw, 840px\" \/><\/figure>\n\n\n\n<p class=\"has-light-blue-background-color has-background\"><strong>R\u00e9sultats <\/strong>voile<\/p>\n\n\n\n<figure class=\"wp-block-image size-full is-resized\"><img loading=\"lazy\" decoding=\"async\" src=\"https:\/\/manatai.malo.wf\/wp-content\/uploads\/2022\/08\/cata-J1.jpg\" alt=\"\" class=\"wp-image-450\" width=\"402\" height=\"207\" srcset=\"https:\/\/manatai.malo.wf\/wp-content\/uploads\/2022\/08\/cata-J1.jpg 982w, https:\/\/manatai.malo.wf\/wp-content\/uploads\/2022\/08\/cata-J1-300x155.jpg 300w, https:\/\/manatai.malo.wf\/wp-content\/uploads\/2022\/08\/cata-J1-768x397.jpg 768w\" sizes=\"auto, (max-width: 402px) 85vw, 402px\" \/><\/figure>\n\n\n\n<figure class=\"wp-block-image size-full is-resized\"><img loading=\"lazy\" decoding=\"async\" src=\"https:\/\/manatai.malo.wf\/wp-content\/uploads\/2022\/08\/opti-J1.jpg\" alt=\"\" class=\"wp-image-455\" width=\"422\" height=\"217\" srcset=\"https:\/\/manatai.malo.wf\/wp-content\/uploads\/2022\/08\/opti-J1.jpg 1005w, https:\/\/manatai.malo.wf\/wp-content\/uploads\/2022\/08\/opti-J1-300x154.jpg 300w, https:\/\/manatai.malo.wf\/wp-content\/uploads\/2022\/08\/opti-J1-768x395.jpg 768w\" sizes=\"auto, (max-width: 422px) 85vw, 422px\" \/><\/figure>\n\n\n\n<p class=\"has-light-blue-background-color has-background\"><strong>R\u00e9sultats <\/strong>natation<\/p>\n\n\n\n<figure class=\"wp-block-image size-large\"><img loading=\"lazy\" decoding=\"async\" width=\"1024\" height=\"618\" src=\"https:\/\/manatai.malo.wf\/wp-content\/uploads\/2022\/08\/natation1-J1-1024x618.jpg\" alt=\"\" class=\"wp-image-453\" srcset=\"https:\/\/manatai.malo.wf\/wp-content\/uploads\/2022\/08\/natation1-J1-1024x618.jpg 1024w, https:\/\/manatai.malo.wf\/wp-content\/uploads\/2022\/08\/natation1-J1-300x181.jpg 300w, https:\/\/manatai.malo.wf\/wp-content\/uploads\/2022\/08\/natation1-J1-768x463.jpg 768w, https:\/\/manatai.malo.wf\/wp-content\/uploads\/2022\/08\/natation1-J1-1536x927.jpg 1536w, https:\/\/manatai.malo.wf\/wp-content\/uploads\/2022\/08\/natation1-J1-1200x724.jpg 1200w, https:\/\/manatai.malo.wf\/wp-content\/uploads\/2022\/08\/natation1-J1.jpg 1682w\" sizes=\"auto, (max-width: 709px) 85vw, (max-width: 909px) 67vw, (max-width: 1362px) 62vw, 840px\" \/><\/figure>\n\n\n\n<figure class=\"wp-block-image size-large\"><img loading=\"lazy\" decoding=\"async\" width=\"1024\" height=\"480\" src=\"https:\/\/manatai.malo.wf\/wp-content\/uploads\/2022\/08\/natation2-J1-1024x480.jpg\" alt=\"\" class=\"wp-image-454\" srcset=\"https:\/\/manatai.malo.wf\/wp-content\/uploads\/2022\/08\/natation2-J1-1024x480.jpg 1024w, https:\/\/manatai.malo.wf\/wp-content\/uploads\/2022\/08\/natation2-J1-300x141.jpg 300w, https:\/\/manatai.malo.wf\/wp-content\/uploads\/2022\/08\/natation2-J1-768x360.jpg 768w, https:\/\/manatai.malo.wf\/wp-content\/uploads\/2022\/08\/natation2-J1-1536x720.jpg 1536w, https:\/\/manatai.malo.wf\/wp-content\/uploads\/2022\/08\/natation2-J1-1200x563.jpg 1200w, https:\/\/manatai.malo.wf\/wp-content\/uploads\/2022\/08\/natation2-J1.jpg 1842w\" sizes=\"auto, (max-width: 709px) 85vw, (max-width: 909px) 67vw, (max-width: 1362px) 62vw, 840px\" \/><\/figure>\n","protected":false},"excerpt":{"rendered":"<p>Samedi 13 ao\u00fbt 2022 En attendant la remises des m\u00e9dailles, d\u00e9cal\u00e9e au mardi 16 ao\u00fbt en raison des conditions m\u00e9t\u00e9orologiques, retrouvez les tableaux des r\u00e9sultat des comp\u00e9titions : R\u00e9sultats Va&rsquo;a R\u00e9sultats Kitesurf, wingfoil, windsurf, kitefoil R\u00e9sultats voile R\u00e9sultats natation<\/p>\n","protected":false},"author":1,"featured_media":0,"parent":0,"menu_order":1,"comment_status":"closed","ping_status":"closed","template":"","meta":{"footnotes":""},"class_list":["post-433","page","type-page","status-publish","hentry"],"_links":{"self":[{"href":"https:\/\/manatai.malo.wf\/index.php\/wp-json\/wp\/v2\/pages\/433","targetHints":{"allow":["GET"]}}],"collection":[{"href":"https:\/\/manatai.malo.wf\/index.php\/wp-json\/wp\/v2\/pages"}],"about":[{"href":"https:\/\/manatai.malo.wf\/index.php\/wp-json\/wp\/v2\/types\/page"}],"author":[{"embeddable":true,"href":"https:\/\/manatai.malo.wf\/index.php\/wp-json\/wp\/v2\/users\/1"}],"replies":[{"embeddable":true,"href":"https:\/\/manatai.malo.wf\/index.php\/wp-json\/wp\/v2\/comments?post=433"}],"version-history":[{"count":9,"href":"https:\/\/manatai.malo.wf\/index.php\/wp-json\/wp\/v2\/pages\/433\/revisions"}],"predecessor-version":[{"id":461,"href":"https:\/\/manatai.malo.wf\/index.php\/wp-json\/wp\/v2\/pages\/433\/revisions\/461"}],"wp:attachment":[{"href":"https:\/\/manatai.malo.wf\/index.php\/wp-json\/wp\/v2\/media?parent=433"}],"curies":[{"name":"wp","href":"https:\/\/api.w.org\/{rel}","templated":true}]}}