{"id":445,"date":"2022-08-16T12:20:22","date_gmt":"2022-08-16T10:20:22","guid":{"rendered":"https:\/\/manatai.malo.wf\/?page_id=445"},"modified":"2022-08-16T12:20:22","modified_gmt":"2022-08-16T10:20:22","slug":"tableaux-des-resultats-j3-day-3","status":"publish","type":"page","link":"https:\/\/manatai.malo.wf\/index.php\/tableaux-des-resultats-j3-day-3\/","title":{"rendered":"Tableaux des r\u00e9sultats J3 \/day 3"},"content":{"rendered":"\n<div class=\"wp-block-media-text alignwide is-stacked-on-mobile\" style=\"grid-template-columns:23% auto\"><figure class=\"wp-block-media-text__media\"><img loading=\"lazy\" decoding=\"async\" width=\"240\" height=\"240\" src=\"https:\/\/manatai.malo.wf\/wp-content\/uploads\/2022\/06\/logo-complet.png\" alt=\"Aircalin manatai wallis et futuna cup\" class=\"wp-image-175 size-full\" srcset=\"https:\/\/manatai.malo.wf\/wp-content\/uploads\/2022\/06\/logo-complet.png 240w, https:\/\/manatai.malo.wf\/wp-content\/uploads\/2022\/06\/logo-complet-150x150.png 150w\" sizes=\"auto, (max-width: 240px) 85vw, 240px\" \/><\/figure><div class=\"wp-block-media-text__content\">\n<p class=\"has-medium-font-size\"><strong>Jeudi 18 ao\u00fbt 2022<\/strong><\/p>\n<\/div><\/div>\n\n\n\n<p id=\"block-8a4fafcf-2d68-4688-a58f-7c1c73bd428e\">Retrouvez ici les tableaux des r\u00e9sultat des comp\u00e9titions.<\/p>\n\n\n\n\n\n<p><\/p>\n","protected":false},"excerpt":{"rendered":"<p>Jeudi 18 ao\u00fbt 2022 Retrouvez ici les tableaux des r\u00e9sultat des comp\u00e9titions.<\/p>\n","protected":false},"author":1,"featured_media":0,"parent":0,"menu_order":0,"comment_status":"closed","ping_status":"closed","template":"","meta":{"footnotes":""},"class_list":["post-445","page","type-page","status-publish","hentry"],"_links":{"self":[{"href":"https:\/\/manatai.malo.wf\/index.php\/wp-json\/wp\/v2\/pages\/445","targetHints":{"allow":["GET"]}}],"collection":[{"href":"https:\/\/manatai.malo.wf\/index.php\/wp-json\/wp\/v2\/pages"}],"about":[{"href":"https:\/\/manatai.malo.wf\/index.php\/wp-json\/wp\/v2\/types\/page"}],"author":[{"embeddable":true,"href":"https:\/\/manatai.malo.wf\/index.php\/wp-json\/wp\/v2\/users\/1"}],"replies":[{"embeddable":true,"href":"https:\/\/manatai.malo.wf\/index.php\/wp-json\/wp\/v2\/comments?post=445"}],"version-history":[{"count":1,"href":"https:\/\/manatai.malo.wf\/index.php\/wp-json\/wp\/v2\/pages\/445\/revisions"}],"predecessor-version":[{"id":446,"href":"https:\/\/manatai.malo.wf\/index.php\/wp-json\/wp\/v2\/pages\/445\/revisions\/446"}],"wp:attachment":[{"href":"https:\/\/manatai.malo.wf\/index.php\/wp-json\/wp\/v2\/media?parent=445"}],"curies":[{"name":"wp","href":"https:\/\/api.w.org\/{rel}","templated":true}]}}