{"id":526,"date":"2023-03-20T05:40:04","date_gmt":"2023-03-20T04:40:04","guid":{"rendered":"https:\/\/manatai.malo.wf\/?page_id=526"},"modified":"2025-07-09T22:45:16","modified_gmt":"2025-07-09T20:45:16","slug":"secu-manatai","status":"publish","type":"page","link":"https:\/\/manatai.malo.wf\/index.php\/secu-manatai\/","title":{"rendered":"Secu Manatai"},"content":{"rendered":"\n<p>Pendant la semaine Manatai, nous coordonnons la s\u00e9curit\u00e9 de nos 200 athletes multisports nautiques sur des \u00e9preuves allant de la simple course de vitesse au tour complet de l&rsquo;ile (75km).<\/p>\n\n\n\n<p>Pour cela nous avons le plaisir de compter sur le soutien de l&rsquo;\u00e9tat avec 6 bateaux \u00e9tats engag\u00e9 :Phares et balises, service de l&rsquo;environnement , police aux fronti\u00e8res, gendarmerie , pompiers agence de sant\u00e9 &#8230; Tous mettent \u00e0 dispositions leur bateaux  et leurs \u00e9quipes pour s\u00e9curiser les \u00e9preuves manatai . <\/p>\n\n\n\n<p><strong>Bateaux particuliers: <\/strong><\/p>\n\n\n\n<p>A cela se rajoutent les bateaux des b\u00e9n\u00e9voles sans qui serait possible la s\u00e9curisation de  la manatai .<\/p>\n\n\n\n<p>Plaisanciers , p\u00e9cheurs, si vous souhaiter \u00eatre au coeur de l&rsquo;action et participer \u00e0 la s\u00e9curisation des journ\u00e9es manatai (jour off sur les ilots et\/ ou journ\u00e9es comp\u00e9titions .<\/p>\n\n\n\n<p>Vous pouvez d\u00e9cider de vous positionner sur une ou plusieurs  journ\u00e9es particuli\u00e8res (disponibilit\u00e9 professionnelle et personnelle) ou la semaine compl\u00e8te . <\/p>\n\n\n\n<p><\/p>\n\n\n\n<p>en 2023 8 bateaux \u00ab\u00a0s\u00e9cu\u00a0\u00bb b\u00e9n\u00e9voles . Une vrai garantie pour nous dans la s\u00e9curisation des \u00e9preuves qui permet  aux pratiquants d&rsquo;\u00eatre en permanence sereins dans sur notre beau lagon <\/p>\n\n\n\n<p>Pour 2025 tous les bateaux secu engag\u00e9s auront droit \u00e0 un<strong> lycras manatai sp\u00e9cial Waterpatrol<\/strong> la prise en charge du carburant et du repas de midi, ET l&rsquo;invitation pour 2 personnes \u00e0 la soir\u00e9e de cl\u00f4ture  <\/p>\n\n\n\n<div class=\"wp-block-buttons is-content-justification-center is-layout-flex wp-container-core-buttons-is-layout-16018d1d wp-block-buttons-is-layout-flex\">\n<div class=\"wp-block-button\"><a class=\"wp-block-button__link has-bright-red-color has-bright-blue-background-color has-text-color has-background wp-element-button\" href=\"https:\/\/www.supersaas.fr\/form\/manatai\/bateaux_wallis_25\" target=\"_blank\" rel=\"noreferrer noopener\">inscription bateaux secu manatai<\/a><\/div>\n<\/div>\n","protected":false},"excerpt":{"rendered":"<p>Pendant la semaine Manatai, nous coordonnons la s\u00e9curit\u00e9 de nos 200 athletes multisports nautiques sur des \u00e9preuves allant de la simple course de vitesse au tour complet de l&rsquo;ile (75km). Pour cela nous avons le plaisir de compter sur le soutien de l&rsquo;\u00e9tat avec 6 bateaux \u00e9tats engag\u00e9 :Phares et balises, service de l&rsquo;environnement , &hellip; <a href=\"https:\/\/manatai.malo.wf\/index.php\/secu-manatai\/\" class=\"more-link\">Continuer la lecture<span class=\"screen-reader-text\"> de &laquo;&nbsp;Secu Manatai&nbsp;&raquo;<\/span><\/a><\/p>\n","protected":false},"author":1,"featured_media":0,"parent":0,"menu_order":0,"comment_status":"closed","ping_status":"closed","template":"","meta":{"footnotes":""},"class_list":["post-526","page","type-page","status-publish","hentry"],"_links":{"self":[{"href":"https:\/\/manatai.malo.wf\/index.php\/wp-json\/wp\/v2\/pages\/526","targetHints":{"allow":["GET"]}}],"collection":[{"href":"https:\/\/manatai.malo.wf\/index.php\/wp-json\/wp\/v2\/pages"}],"about":[{"href":"https:\/\/manatai.malo.wf\/index.php\/wp-json\/wp\/v2\/types\/page"}],"author":[{"embeddable":true,"href":"https:\/\/manatai.malo.wf\/index.php\/wp-json\/wp\/v2\/users\/1"}],"replies":[{"embeddable":true,"href":"https:\/\/manatai.malo.wf\/index.php\/wp-json\/wp\/v2\/comments?post=526"}],"version-history":[{"count":10,"href":"https:\/\/manatai.malo.wf\/index.php\/wp-json\/wp\/v2\/pages\/526\/revisions"}],"predecessor-version":[{"id":1024,"href":"https:\/\/manatai.malo.wf\/index.php\/wp-json\/wp\/v2\/pages\/526\/revisions\/1024"}],"wp:attachment":[{"href":"https:\/\/manatai.malo.wf\/index.php\/wp-json\/wp\/v2\/media?parent=526"}],"curies":[{"name":"wp","href":"https:\/\/api.w.org\/{rel}","templated":true}]}}