{"id":582,"date":"2023-07-02T03:13:16","date_gmt":"2023-07-02T01:13:16","guid":{"rendered":"https:\/\/manatai.malo.wf\/?page_id=582"},"modified":"2023-07-11T13:45:31","modified_gmt":"2023-07-11T11:45:31","slug":"organisation-manatai","status":"publish","type":"page","link":"https:\/\/manatai.malo.wf\/index.php\/organisation-manatai\/","title":{"rendered":"organisation Manatai"},"content":{"rendered":"\n<p>voici un espace pour l&rsquo;organisation <\/p>\n\n\n\n<p>cous y trouverez des espaces prot\u00e9g\u00e9s par mot de passe pour rassembler les informations utilises aux diff\u00e9rentes commissions de l&rsquo;organisation Manatai :<\/p>\n\n\n\n<p>-&gt; <a href=\"https:\/\/manatai.malo.wf\/index.php\/liens-manatai\/\" data-type=\"page\" data-id=\"567\">Les liens ventes et achats (comptabilit\u00e9)<\/a><\/p>\n\n\n\n<p>-&gt; <a href=\"https:\/\/manatai.malo.wf\/index.php\/infos-secu-manatai\/\" data-type=\"page\" data-id=\"578\">La page pour la s\u00e9curisation de la Manatai <\/a><\/p>\n\n\n\n<p>-&gt; <a href=\"https:\/\/manatai.malo.wf\/index.php\/info-organisation-manatai\/\" data-type=\"page\" data-id=\"576\">La page pour les infos g\u00e9n\u00e9rales li\u00e8s \u00e0 l&rsquo;organisation <\/a><\/p>\n\n\n\n<p>-> <a href=\"https:\/\/manatai.malo.wf\/index.php\/infos-benevoles-adultes\/\" data-type=\"page\" data-id=\"592\">La Page infos b\u00e9n\u00e9voles adulte<\/a><\/p>\n\n\n\n<p>-> <a href=\"https:\/\/manatai.malo.wf\/index.php\/infos-benevoles-jeunes\/\" data-type=\"page\" data-id=\"590\">La page info b\u00e9n\u00e9voles jeunes<\/a><\/p>\n\n\n\n<p><\/p>\n","protected":false},"excerpt":{"rendered":"<p>voici un espace pour l&rsquo;organisation cous y trouverez des espaces prot\u00e9g\u00e9s par mot de passe pour rassembler les informations utilises aux diff\u00e9rentes commissions de l&rsquo;organisation Manatai : -&gt; Les liens ventes et achats (comptabilit\u00e9) -&gt; La page pour la s\u00e9curisation de la Manatai -&gt; La page pour les infos g\u00e9n\u00e9rales li\u00e8s \u00e0 l&rsquo;organisation -> La &hellip; <a href=\"https:\/\/manatai.malo.wf\/index.php\/organisation-manatai\/\" class=\"more-link\">Continuer la lecture<span class=\"screen-reader-text\"> de &laquo;&nbsp;organisation Manatai&nbsp;&raquo;<\/span><\/a><\/p>\n","protected":false},"author":1,"featured_media":0,"parent":0,"menu_order":0,"comment_status":"closed","ping_status":"closed","template":"","meta":{"footnotes":""},"class_list":["post-582","page","type-page","status-publish","hentry"],"_links":{"self":[{"href":"https:\/\/manatai.malo.wf\/index.php\/wp-json\/wp\/v2\/pages\/582","targetHints":{"allow":["GET"]}}],"collection":[{"href":"https:\/\/manatai.malo.wf\/index.php\/wp-json\/wp\/v2\/pages"}],"about":[{"href":"https:\/\/manatai.malo.wf\/index.php\/wp-json\/wp\/v2\/types\/page"}],"author":[{"embeddable":true,"href":"https:\/\/manatai.malo.wf\/index.php\/wp-json\/wp\/v2\/users\/1"}],"replies":[{"embeddable":true,"href":"https:\/\/manatai.malo.wf\/index.php\/wp-json\/wp\/v2\/comments?post=582"}],"version-history":[{"count":2,"href":"https:\/\/manatai.malo.wf\/index.php\/wp-json\/wp\/v2\/pages\/582\/revisions"}],"predecessor-version":[{"id":650,"href":"https:\/\/manatai.malo.wf\/index.php\/wp-json\/wp\/v2\/pages\/582\/revisions\/650"}],"wp:attachment":[{"href":"https:\/\/manatai.malo.wf\/index.php\/wp-json\/wp\/v2\/media?parent=582"}],"curies":[{"name":"wp","href":"https:\/\/api.w.org\/{rel}","templated":true}]}}