{"id":654,"date":"2023-07-12T21:27:04","date_gmt":"2023-07-12T19:27:04","guid":{"rendered":"https:\/\/manatai.malo.wf\/?page_id=654"},"modified":"2025-02-26T13:24:58","modified_gmt":"2025-02-26T12:24:58","slug":"reglements-de-courses","status":"publish","type":"page","link":"https:\/\/manatai.malo.wf\/index.php\/reglements-de-courses\/","title":{"rendered":"R\u00e8glements de courses"},"content":{"rendered":"\n<p>Les r\u00e8glements manatai :<\/p>\n\n\n\n<div class=\"wp-block-buttons is-layout-flex wp-block-buttons-is-layout-flex\">\n<div class=\"wp-block-button\"><a class=\"wp-block-button__link wp-element-button\" href=\"https:\/\/ao.malo.wf\/index.php\/s\/29ioipYBK9DKWkb\" target=\"_blank\" rel=\"noreferrer noopener\">Drive reglements<\/a><\/div>\n<\/div>\n\n\n\n<p> <\/p>\n\n\n\n<p>=&gt; R\u00e8glement Rame<\/p>\n\n\n\n<p>=&gt; R\u00e8glement Natation<\/p>\n\n\n\n<p>=&gt; R\u00e8glement sports de vent<\/p>\n\n\n\n<p><\/p>\n\n\n<div class=\"wp-block-image\">\n<figure class=\"alignright size-full\"><img loading=\"lazy\" decoding=\"async\" width=\"423\" height=\"600\" src=\"https:\/\/manatai.malo.wf\/wp-content\/uploads\/2023\/07\/logo-manatail-BL-rose.png\" alt=\"\" class=\"wp-image-644\" srcset=\"https:\/\/manatai.malo.wf\/wp-content\/uploads\/2023\/07\/logo-manatail-BL-rose.png 423w, https:\/\/manatai.malo.wf\/wp-content\/uploads\/2023\/07\/logo-manatail-BL-rose-212x300.png 212w\" sizes=\"auto, (max-width: 423px) 85vw, 423px\" \/><\/figure>\n<\/div>","protected":false},"excerpt":{"rendered":"<p>Les r\u00e8glements manatai : =&gt; R\u00e8glement Rame =&gt; R\u00e8glement Natation =&gt; R\u00e8glement sports de vent<\/p>\n","protected":false},"author":1,"featured_media":0,"parent":0,"menu_order":0,"comment_status":"closed","ping_status":"closed","template":"","meta":{"footnotes":""},"class_list":["post-654","page","type-page","status-publish","hentry"],"_links":{"self":[{"href":"https:\/\/manatai.malo.wf\/index.php\/wp-json\/wp\/v2\/pages\/654","targetHints":{"allow":["GET"]}}],"collection":[{"href":"https:\/\/manatai.malo.wf\/index.php\/wp-json\/wp\/v2\/pages"}],"about":[{"href":"https:\/\/manatai.malo.wf\/index.php\/wp-json\/wp\/v2\/types\/page"}],"author":[{"embeddable":true,"href":"https:\/\/manatai.malo.wf\/index.php\/wp-json\/wp\/v2\/users\/1"}],"replies":[{"embeddable":true,"href":"https:\/\/manatai.malo.wf\/index.php\/wp-json\/wp\/v2\/comments?post=654"}],"version-history":[{"count":4,"href":"https:\/\/manatai.malo.wf\/index.php\/wp-json\/wp\/v2\/pages\/654\/revisions"}],"predecessor-version":[{"id":941,"href":"https:\/\/manatai.malo.wf\/index.php\/wp-json\/wp\/v2\/pages\/654\/revisions\/941"}],"wp:attachment":[{"href":"https:\/\/manatai.malo.wf\/index.php\/wp-json\/wp\/v2\/media?parent=654"}],"curies":[{"name":"wp","href":"https:\/\/api.w.org\/{rel}","templated":true}]}}